{"id":12,"date":"2016-01-28T14:36:06","date_gmt":"2016-01-28T13:36:06","guid":{"rendered":"http:\/\/www.fml-mvq.de\/?page_id=12"},"modified":"2023-10-31T16:52:46","modified_gmt":"2023-10-31T15:52:46","slug":"credo","status":"publish","type":"page","link":"https:\/\/www.fml-hvt.de\/?page_id=12","title":{"rendered":"Unser Credo"},"content":{"rendered":"\n<h1 class=\"wp-block-heading\">Unser Credo<\/h1>\n\n\n<div class=\"wp-block-image\">\n<figure class=\"aligncenter is-resized\"><a href=\"https:\/\/www.fml-hvt.de\/wp-content\/uploads\/2016\/01\/Bijou_Kreuz_HvT-2.jpg\"><img loading=\"lazy\" decoding=\"async\" width=\"300\" height=\"300\" src=\"https:\/\/www.fml-hvt.de\/wp-content\/uploads\/2016\/01\/Bijou_Kreuz_HvT-2-300x300.jpg\" alt=\"Bijou_Kreuz_HvT\" class=\"wp-image-712\" style=\"width:120px\" srcset=\"https:\/\/www.fml-hvt.de\/wp-content\/uploads\/2016\/01\/Bijou_Kreuz_HvT-2-300x300.jpg 300w, https:\/\/www.fml-hvt.de\/wp-content\/uploads\/2016\/01\/Bijou_Kreuz_HvT-2-150x150.jpg 150w, https:\/\/www.fml-hvt.de\/wp-content\/uploads\/2016\/01\/Bijou_Kreuz_HvT-2-45x45.jpg 45w, https:\/\/www.fml-hvt.de\/wp-content\/uploads\/2016\/01\/Bijou_Kreuz_HvT-2-65x65.jpg 65w, https:\/\/www.fml-hvt.de\/wp-content\/uploads\/2016\/01\/Bijou_Kreuz_HvT-2.jpg 500w\" sizes=\"(max-width: 300px) 100vw, 300px\" \/><\/a><\/figure><\/div>\n\n\n<p class=\"has-text-align-center\"><em>CREDO DER FELD- UND MILIT\u00c4RLOGEN IN DEUTSCHLAND<\/em><\/p>\n\n\n\n<p class=\"has-text-align-center\"><strong>Wir verabscheuen Willk\u00fcr, Unterdr\u00fcckung und Gewalt.<\/strong><\/p>\n\n\n<div class=\"wp-block-image\">\n<figure class=\"aligncenter is-resized\"><a href=\"https:\/\/www.fml-hvt.de\/wp-content\/uploads\/2016\/01\/Bijou_Kreuz_HvT-2.jpg\"><img loading=\"lazy\" decoding=\"async\" width=\"300\" height=\"300\" src=\"https:\/\/www.fml-hvt.de\/wp-content\/uploads\/2016\/01\/Bijou_Kreuz_HvT-2-300x300.jpg\" alt=\"Bijou_Kreuz_HvT\" class=\"wp-image-712\" style=\"aspect-ratio:1;object-fit:cover;width:50px\" srcset=\"https:\/\/www.fml-hvt.de\/wp-content\/uploads\/2016\/01\/Bijou_Kreuz_HvT-2-300x300.jpg 300w, https:\/\/www.fml-hvt.de\/wp-content\/uploads\/2016\/01\/Bijou_Kreuz_HvT-2-150x150.jpg 150w, https:\/\/www.fml-hvt.de\/wp-content\/uploads\/2016\/01\/Bijou_Kreuz_HvT-2-45x45.jpg 45w, https:\/\/www.fml-hvt.de\/wp-content\/uploads\/2016\/01\/Bijou_Kreuz_HvT-2-65x65.jpg 65w, https:\/\/www.fml-hvt.de\/wp-content\/uploads\/2016\/01\/Bijou_Kreuz_HvT-2.jpg 500w\" sizes=\"(max-width: 300px) 100vw, 300px\" \/><\/a><\/figure><\/div>\n\n\n<p class=\"has-text-align-center\"><strong>Wir sind gegen den Krieg und gegen Erpressungen jeder Art.<\/strong><\/p>\n\n\n<div class=\"wp-block-image\">\n<figure class=\"aligncenter is-resized\"><a href=\"https:\/\/www.fml-hvt.de\/wp-content\/uploads\/2016\/01\/Bijou_Kreuz_HvT-2.jpg\"><img loading=\"lazy\" decoding=\"async\" width=\"300\" height=\"300\" src=\"https:\/\/www.fml-hvt.de\/wp-content\/uploads\/2016\/01\/Bijou_Kreuz_HvT-2-300x300.jpg\" alt=\"Bijou_Kreuz_HvT\" class=\"wp-image-712\" style=\"aspect-ratio:1;object-fit:cover;width:50px\" srcset=\"https:\/\/www.fml-hvt.de\/wp-content\/uploads\/2016\/01\/Bijou_Kreuz_HvT-2-300x300.jpg 300w, https:\/\/www.fml-hvt.de\/wp-content\/uploads\/2016\/01\/Bijou_Kreuz_HvT-2-150x150.jpg 150w, https:\/\/www.fml-hvt.de\/wp-content\/uploads\/2016\/01\/Bijou_Kreuz_HvT-2-45x45.jpg 45w, https:\/\/www.fml-hvt.de\/wp-content\/uploads\/2016\/01\/Bijou_Kreuz_HvT-2-65x65.jpg 65w, https:\/\/www.fml-hvt.de\/wp-content\/uploads\/2016\/01\/Bijou_Kreuz_HvT-2.jpg 500w\" sizes=\"(max-width: 300px) 100vw, 300px\" \/><\/a><\/figure><\/div>\n\n\n<p class=\"has-text-align-center\"><strong>Wir glauben an unsere Aufgabe, diese Dinge zu bek\u00e4mpfen.<\/strong><\/p>\n\n\n<div class=\"wp-block-image\">\n<figure class=\"aligncenter is-resized\"><a href=\"https:\/\/www.fml-hvt.de\/wp-content\/uploads\/2016\/01\/Bijou_Kreuz_HvT-2.jpg\"><img loading=\"lazy\" decoding=\"async\" width=\"300\" height=\"300\" src=\"https:\/\/www.fml-hvt.de\/wp-content\/uploads\/2016\/01\/Bijou_Kreuz_HvT-2-300x300.jpg\" alt=\"Bijou_Kreuz_HvT\" class=\"wp-image-712\" style=\"aspect-ratio:1;object-fit:cover;width:50px\" srcset=\"https:\/\/www.fml-hvt.de\/wp-content\/uploads\/2016\/01\/Bijou_Kreuz_HvT-2-300x300.jpg 300w, https:\/\/www.fml-hvt.de\/wp-content\/uploads\/2016\/01\/Bijou_Kreuz_HvT-2-150x150.jpg 150w, https:\/\/www.fml-hvt.de\/wp-content\/uploads\/2016\/01\/Bijou_Kreuz_HvT-2-45x45.jpg 45w, https:\/\/www.fml-hvt.de\/wp-content\/uploads\/2016\/01\/Bijou_Kreuz_HvT-2-65x65.jpg 65w, https:\/\/www.fml-hvt.de\/wp-content\/uploads\/2016\/01\/Bijou_Kreuz_HvT-2.jpg 500w\" sizes=\"(max-width: 300px) 100vw, 300px\" \/><\/a><\/figure><\/div>\n\n\n<p class=\"has-text-align-center\"><strong>Wir sind nicht bereit, der Erpressung nachzugeben.<\/strong><\/p>\n\n\n<div class=\"wp-block-image\">\n<figure class=\"aligncenter is-resized\"><a href=\"https:\/\/www.fml-hvt.de\/wp-content\/uploads\/2016\/01\/Bijou_Kreuz_HvT-2.jpg\"><img loading=\"lazy\" decoding=\"async\" width=\"300\" height=\"300\" src=\"https:\/\/www.fml-hvt.de\/wp-content\/uploads\/2016\/01\/Bijou_Kreuz_HvT-2-300x300.jpg\" alt=\"Bijou_Kreuz_HvT\" class=\"wp-image-712\" style=\"aspect-ratio:1;object-fit:cover;width:50px\" srcset=\"https:\/\/www.fml-hvt.de\/wp-content\/uploads\/2016\/01\/Bijou_Kreuz_HvT-2-300x300.jpg 300w, https:\/\/www.fml-hvt.de\/wp-content\/uploads\/2016\/01\/Bijou_Kreuz_HvT-2-150x150.jpg 150w, https:\/\/www.fml-hvt.de\/wp-content\/uploads\/2016\/01\/Bijou_Kreuz_HvT-2-45x45.jpg 45w, https:\/\/www.fml-hvt.de\/wp-content\/uploads\/2016\/01\/Bijou_Kreuz_HvT-2-65x65.jpg 65w, https:\/\/www.fml-hvt.de\/wp-content\/uploads\/2016\/01\/Bijou_Kreuz_HvT-2.jpg 500w\" sizes=\"(max-width: 300px) 100vw, 300px\" \/><\/a><\/figure><\/div>\n\n\n<p class=\"has-text-align-center\"><strong>Wir wollen den Frieden und Glauben an seine M\u00f6glichkeiten.<\/strong><\/p>\n\n\n<div class=\"wp-block-image\">\n<figure class=\"aligncenter is-resized\"><a href=\"https:\/\/www.fml-hvt.de\/wp-content\/uploads\/2016\/01\/Bijou_Kreuz_HvT-2.jpg\"><img loading=\"lazy\" decoding=\"async\" width=\"300\" height=\"300\" src=\"https:\/\/www.fml-hvt.de\/wp-content\/uploads\/2016\/01\/Bijou_Kreuz_HvT-2-300x300.jpg\" alt=\"Bijou_Kreuz_HvT\" class=\"wp-image-712\" style=\"aspect-ratio:1;object-fit:cover;width:50px\" srcset=\"https:\/\/www.fml-hvt.de\/wp-content\/uploads\/2016\/01\/Bijou_Kreuz_HvT-2-300x300.jpg 300w, https:\/\/www.fml-hvt.de\/wp-content\/uploads\/2016\/01\/Bijou_Kreuz_HvT-2-150x150.jpg 150w, https:\/\/www.fml-hvt.de\/wp-content\/uploads\/2016\/01\/Bijou_Kreuz_HvT-2-45x45.jpg 45w, https:\/\/www.fml-hvt.de\/wp-content\/uploads\/2016\/01\/Bijou_Kreuz_HvT-2-65x65.jpg 65w, https:\/\/www.fml-hvt.de\/wp-content\/uploads\/2016\/01\/Bijou_Kreuz_HvT-2.jpg 500w\" sizes=\"(max-width: 300px) 100vw, 300px\" \/><\/a><\/figure><\/div>\n\n\n<p class=\"has-text-align-center\"><strong>Wir glauben an die Freiheit und daran, dass nur die Freiheit das Leben lebenswert macht.<\/strong><\/p>\n\n\n<div class=\"wp-block-image\">\n<figure class=\"aligncenter is-resized\"><a href=\"https:\/\/www.fml-hvt.de\/wp-content\/uploads\/2016\/01\/Bijou_Kreuz_HvT-2.jpg\"><img loading=\"lazy\" decoding=\"async\" width=\"300\" height=\"300\" src=\"https:\/\/www.fml-hvt.de\/wp-content\/uploads\/2016\/01\/Bijou_Kreuz_HvT-2-300x300.jpg\" alt=\"Bijou_Kreuz_HvT\" class=\"wp-image-712\" style=\"aspect-ratio:1;object-fit:cover;width:50px\" srcset=\"https:\/\/www.fml-hvt.de\/wp-content\/uploads\/2016\/01\/Bijou_Kreuz_HvT-2-300x300.jpg 300w, https:\/\/www.fml-hvt.de\/wp-content\/uploads\/2016\/01\/Bijou_Kreuz_HvT-2-150x150.jpg 150w, https:\/\/www.fml-hvt.de\/wp-content\/uploads\/2016\/01\/Bijou_Kreuz_HvT-2-45x45.jpg 45w, https:\/\/www.fml-hvt.de\/wp-content\/uploads\/2016\/01\/Bijou_Kreuz_HvT-2-65x65.jpg 65w, https:\/\/www.fml-hvt.de\/wp-content\/uploads\/2016\/01\/Bijou_Kreuz_HvT-2.jpg 500w\" sizes=\"(max-width: 300px) 100vw, 300px\" \/><\/a><\/figure><\/div>\n\n\n<p class=\"has-text-align-center\"><strong>Wir sind nicht bereit, die Freiheit f\u00fcr den Frieden zu opfern.<\/strong><\/p>\n\n\n<div class=\"wp-block-image\">\n<figure class=\"aligncenter is-resized\"><a href=\"https:\/\/www.fml-hvt.de\/wp-content\/uploads\/2016\/01\/Bijou_Kreuz_HvT-2.jpg\"><img loading=\"lazy\" decoding=\"async\" width=\"300\" height=\"300\" src=\"https:\/\/www.fml-hvt.de\/wp-content\/uploads\/2016\/01\/Bijou_Kreuz_HvT-2-300x300.jpg\" alt=\"Bijou_Kreuz_HvT\" class=\"wp-image-712\" style=\"aspect-ratio:1;object-fit:cover;width:50px\" srcset=\"https:\/\/www.fml-hvt.de\/wp-content\/uploads\/2016\/01\/Bijou_Kreuz_HvT-2-300x300.jpg 300w, https:\/\/www.fml-hvt.de\/wp-content\/uploads\/2016\/01\/Bijou_Kreuz_HvT-2-150x150.jpg 150w, https:\/\/www.fml-hvt.de\/wp-content\/uploads\/2016\/01\/Bijou_Kreuz_HvT-2-45x45.jpg 45w, https:\/\/www.fml-hvt.de\/wp-content\/uploads\/2016\/01\/Bijou_Kreuz_HvT-2-65x65.jpg 65w, https:\/\/www.fml-hvt.de\/wp-content\/uploads\/2016\/01\/Bijou_Kreuz_HvT-2.jpg 500w\" sizes=\"(max-width: 300px) 100vw, 300px\" \/><\/a><\/figure><\/div>\n\n\n<p class=\"has-text-align-center\"><strong>Wir \u00fcben Toleranz gegen\u00fcber allen, die nicht intolerant sind und nicht die Intoleranz propagieren.<\/strong><\/p>\n\n\n<div class=\"wp-block-image\">\n<figure class=\"aligncenter is-resized\"><a href=\"https:\/\/www.fml-hvt.de\/wp-content\/uploads\/2016\/01\/Bijou_Kreuz_HvT-2.jpg\"><img loading=\"lazy\" decoding=\"async\" width=\"300\" height=\"300\" src=\"https:\/\/www.fml-hvt.de\/wp-content\/uploads\/2016\/01\/Bijou_Kreuz_HvT-2-300x300.jpg\" alt=\"Bijou_Kreuz_HvT\" class=\"wp-image-712\" style=\"aspect-ratio:1;object-fit:cover;width:50px\" srcset=\"https:\/\/www.fml-hvt.de\/wp-content\/uploads\/2016\/01\/Bijou_Kreuz_HvT-2-300x300.jpg 300w, https:\/\/www.fml-hvt.de\/wp-content\/uploads\/2016\/01\/Bijou_Kreuz_HvT-2-150x150.jpg 150w, https:\/\/www.fml-hvt.de\/wp-content\/uploads\/2016\/01\/Bijou_Kreuz_HvT-2-45x45.jpg 45w, https:\/\/www.fml-hvt.de\/wp-content\/uploads\/2016\/01\/Bijou_Kreuz_HvT-2-65x65.jpg 65w, https:\/\/www.fml-hvt.de\/wp-content\/uploads\/2016\/01\/Bijou_Kreuz_HvT-2.jpg 500w\" sizes=\"(max-width: 300px) 100vw, 300px\" \/><\/a><\/figure><\/div>\n\n\n<p class=\"has-text-align-center\"><strong>Wir glauben, dass wir in der besten Zeit leben, seit Geschichte aufgezeichnet wird.<\/strong><\/p>\n\n\n<div class=\"wp-block-image\">\n<figure class=\"aligncenter is-resized\"><a href=\"https:\/\/www.fml-hvt.de\/wp-content\/uploads\/2016\/01\/Bijou_Kreuz_HvT-2.jpg\"><img loading=\"lazy\" decoding=\"async\" width=\"300\" height=\"300\" src=\"https:\/\/www.fml-hvt.de\/wp-content\/uploads\/2016\/01\/Bijou_Kreuz_HvT-2-300x300.jpg\" alt=\"Bijou_Kreuz_HvT\" class=\"wp-image-712\" style=\"aspect-ratio:1;object-fit:cover;width:50px\" srcset=\"https:\/\/www.fml-hvt.de\/wp-content\/uploads\/2016\/01\/Bijou_Kreuz_HvT-2-300x300.jpg 300w, https:\/\/www.fml-hvt.de\/wp-content\/uploads\/2016\/01\/Bijou_Kreuz_HvT-2-150x150.jpg 150w, https:\/\/www.fml-hvt.de\/wp-content\/uploads\/2016\/01\/Bijou_Kreuz_HvT-2-45x45.jpg 45w, https:\/\/www.fml-hvt.de\/wp-content\/uploads\/2016\/01\/Bijou_Kreuz_HvT-2-65x65.jpg 65w, https:\/\/www.fml-hvt.de\/wp-content\/uploads\/2016\/01\/Bijou_Kreuz_HvT-2.jpg 500w\" sizes=\"(max-width: 300px) 100vw, 300px\" \/><\/a><\/figure><\/div>\n\n\n<p class=\"has-text-align-center\"><strong>Wir glauben, dass wir im besten Deutschland leben, das es je gab.<\/strong><\/p>\n\n\n<div class=\"wp-block-image\">\n<figure class=\"aligncenter size-large is-resized\"><img loading=\"lazy\" decoding=\"async\" width=\"1024\" height=\"963\" src=\"https:\/\/www.fml-hvt.de\/wp-content\/uploads\/2023\/10\/HvT_Coin-1024x963.jpg\" alt=\"\" class=\"wp-image-2143\" style=\"aspect-ratio:1.063343717549325;width:128px;height:auto\" srcset=\"https:\/\/www.fml-hvt.de\/wp-content\/uploads\/2023\/10\/HvT_Coin-1024x963.jpg 1024w, https:\/\/www.fml-hvt.de\/wp-content\/uploads\/2023\/10\/HvT_Coin-300x282.jpg 300w, https:\/\/www.fml-hvt.de\/wp-content\/uploads\/2023\/10\/HvT_Coin-768x722.jpg 768w, https:\/\/www.fml-hvt.de\/wp-content\/uploads\/2023\/10\/HvT_Coin-1536x1445.jpg 1536w, https:\/\/www.fml-hvt.de\/wp-content\/uploads\/2023\/10\/HvT_Coin-1320x1242.jpg 1320w, https:\/\/www.fml-hvt.de\/wp-content\/uploads\/2023\/10\/HvT_Coin.jpg 1924w\" sizes=\"(max-width: 1024px) 100vw, 1024px\" \/><\/figure><\/div>\n\n\n<p class=\"has-text-align-center\"><\/p>\n","protected":false},"excerpt":{"rendered":"<p>Unser Credo CREDO DER FELD- UND MILIT\u00c4RLOGEN IN DEUTSCHLAND Wir verabscheuen Willk\u00fcr, Unterdr\u00fcckung und Gewalt. Wir sind gegen den Krieg und gegen Erpressungen jeder Art. Wir glauben an unsere Aufgabe, diese Dinge zu bek\u00e4mpfen. Wir sind nicht bereit, der Erpressung nachzugeben. Wir wollen den Frieden und Glauben an seine M\u00f6glichkeiten. Wir glauben an die Freiheit [&hellip;]<\/p>\n","protected":false},"author":1,"featured_media":0,"parent":0,"menu_order":2,"comment_status":"closed","ping_status":"closed","template":"","meta":{"_acf_changed":false,"_bbp_topic_count":0,"_bbp_reply_count":0,"_bbp_total_topic_count":0,"_bbp_total_reply_count":0,"_bbp_voice_count":0,"_bbp_anonymous_reply_count":0,"_bbp_topic_count_hidden":0,"_bbp_reply_count_hidden":0,"_bbp_forum_subforum_count":0,"footnotes":""},"acf":[],"_links":{"self":[{"href":"https:\/\/www.fml-hvt.de\/index.php?rest_route=\/wp\/v2\/pages\/12"}],"collection":[{"href":"https:\/\/www.fml-hvt.de\/index.php?rest_route=\/wp\/v2\/pages"}],"about":[{"href":"https:\/\/www.fml-hvt.de\/index.php?rest_route=\/wp\/v2\/types\/page"}],"author":[{"embeddable":true,"href":"https:\/\/www.fml-hvt.de\/index.php?rest_route=\/wp\/v2\/users\/1"}],"replies":[{"embeddable":true,"href":"https:\/\/www.fml-hvt.de\/index.php?rest_route=%2Fwp%2Fv2%2Fcomments&post=12"}],"version-history":[{"count":30,"href":"https:\/\/www.fml-hvt.de\/index.php?rest_route=\/wp\/v2\/pages\/12\/revisions"}],"predecessor-version":[{"id":2145,"href":"https:\/\/www.fml-hvt.de\/index.php?rest_route=\/wp\/v2\/pages\/12\/revisions\/2145"}],"wp:attachment":[{"href":"https:\/\/www.fml-hvt.de\/index.php?rest_route=%2Fwp%2Fv2%2Fmedia&parent=12"}],"curies":[{"name":"wp","href":"https:\/\/api.w.org\/{rel}","templated":true}]}}