{"id":2,"date":"2016-01-28T13:50:01","date_gmt":"2016-01-28T12:50:01","guid":{"rendered":"http:\/\/www.fml-mvq.de\/?page_id=2"},"modified":"2023-10-31T09:41:50","modified_gmt":"2023-10-31T08:41:50","slug":"beispiel-seite","status":"publish","type":"page","link":"https:\/\/www.fml-hvt.de\/","title":{"rendered":"Startseite"},"content":{"rendered":"\n<div class=\"wp-block-columns is-layout-flex wp-container-core-columns-is-layout-1 wp-block-columns-is-layout-flex\">\n<div class=\"wp-block-column is-layout-flow wp-block-column-is-layout-flow\" style=\"flex-basis:33.33%\"><div class=\"wp-block-image\">\n<figure class=\"aligncenter size-full\"><img loading=\"lazy\" decoding=\"async\" width=\"140\" height=\"200\" src=\"https:\/\/www.fml-hvt.de\/wp-content\/uploads\/2016\/05\/tresckow.png\" alt=\"tresckow\" class=\"wp-image-626\"\/><\/figure><\/div><\/div>\n\n\n\n<div class=\"wp-block-column is-layout-flow wp-block-column-is-layout-flow\" style=\"flex-basis:66.66%\">\n<h1 class=\"wp-block-heading\">SAPERE AUDE !<\/h1>\n\n\n\n<h2 class=\"wp-block-heading\">Wage es, deinen Verstand zu nutzen!<\/h2>\n\n\n\n<h2 class=\"wp-block-heading\">Herzlich willkommen auf der Internetseite der Feld- und Milit\u00e4rloge &#8220;Henning von Tresckow&#8221;<\/h2>\n<\/div>\n<\/div>\n\n\n\n<p>&#8220;SAPERE AUDE!&#8221; &#8211; Dies ist der Leitspruch der Feld- und Milit\u00e4rloge &#8220;Henning von Tresckow&#8221;.<br>Er passt ausgezeichnet zu unserem Namensgeber, Generalmajor Henning von Tresckow (1901-1944). Er war der zentrale Kopf, der &#8220;spiritus rector&#8221; des milit\u00e4rischen Widerstands gegen Adolf Hitler. Er hat es, gemeinsam mit den anderen M\u00e4nnern und Frauen des 20. Juli 1944 gewagt aufzubegehren gegen ein unbesiegbar erscheinendes Unrechtsregime, seinen eigenen Untergang und die Aufl\u00f6sung seiner geliebten Familie in Kauf nehmend. Er opferte sein Leben, weil er kein Mitl\u00e4ufer war, weil er sich seinen freien Willen bewahrt hat und f\u00fcr seine tiefen inneren \u00dcberzeugungen einstand. In seiner Tradition soll diese Loge ein Ort des freien Meinungsaustausches, der kritischen Auseinandersetzung mit kulturellen und gesellschaftlichen Fragen und der Begegnung sein.<\/p>\n\n\n\n<p>F\u00fcr den ersten Kontakt als Suchender oder Anmeldung als Bruder, bitten wir das <a href=\"\/?page_id=17\">Kontaktformular<\/a> zu nutzen.<\/p>\n","protected":false},"excerpt":{"rendered":"<p>SAPERE AUDE ! Wage es, deinen Verstand zu nutzen! Herzlich willkommen auf der Internetseite der Feld- und Milit\u00e4rloge &#8220;Henning von Tresckow&#8221; &#8220;SAPERE AUDE!&#8221; &#8211; Dies ist der Leitspruch der Feld- und Milit\u00e4rloge &#8220;Henning von Tresckow&#8221;.Er passt ausgezeichnet zu unserem Namensgeber, Generalmajor Henning von Tresckow (1901-1944). Er war der zentrale Kopf, der &#8220;spiritus rector&#8221; des milit\u00e4rischen [&hellip;]<\/p>\n","protected":false},"author":1,"featured_media":0,"parent":0,"menu_order":0,"comment_status":"closed","ping_status":"closed","template":"","meta":{"_acf_changed":false,"_bbp_topic_count":0,"_bbp_reply_count":0,"_bbp_total_topic_count":0,"_bbp_total_reply_count":0,"_bbp_voice_count":0,"_bbp_anonymous_reply_count":0,"_bbp_topic_count_hidden":0,"_bbp_reply_count_hidden":0,"_bbp_forum_subforum_count":0,"footnotes":""},"acf":[],"_links":{"self":[{"href":"https:\/\/www.fml-hvt.de\/index.php?rest_route=\/wp\/v2\/pages\/2"}],"collection":[{"href":"https:\/\/www.fml-hvt.de\/index.php?rest_route=\/wp\/v2\/pages"}],"about":[{"href":"https:\/\/www.fml-hvt.de\/index.php?rest_route=\/wp\/v2\/types\/page"}],"author":[{"embeddable":true,"href":"https:\/\/www.fml-hvt.de\/index.php?rest_route=\/wp\/v2\/users\/1"}],"replies":[{"embeddable":true,"href":"https:\/\/www.fml-hvt.de\/index.php?rest_route=%2Fwp%2Fv2%2Fcomments&post=2"}],"version-history":[{"count":19,"href":"https:\/\/www.fml-hvt.de\/index.php?rest_route=\/wp\/v2\/pages\/2\/revisions"}],"predecessor-version":[{"id":2142,"href":"https:\/\/www.fml-hvt.de\/index.php?rest_route=\/wp\/v2\/pages\/2\/revisions\/2142"}],"wp:attachment":[{"href":"https:\/\/www.fml-hvt.de\/index.php?rest_route=%2Fwp%2Fv2%2Fmedia&parent=2"}],"curies":[{"name":"wp","href":"https:\/\/api.w.org\/{rel}","templated":true}]}}