{"id":763,"date":"2016-09-08T19:21:23","date_gmt":"2016-09-08T17:21:23","guid":{"rendered":"http:\/\/www.fml-hvt.de\/?page_id=763"},"modified":"2023-10-26T09:54:41","modified_gmt":"2023-10-26T07:54:41","slug":"henning-von-tresckow","status":"publish","type":"page","link":"https:\/\/www.fml-hvt.de\/?page_id=763","title":{"rendered":"Henning von Tresckow"},"content":{"rendered":"\n<h1 class=\"wp-block-heading\">Henning von Tresckow<\/h1>\n\n\n\n<h2 class=\"wp-block-heading\"><em style=\"font-size: revert; color: initial; font-family: -apple-system, BlinkMacSystemFont, 'Segoe UI', Roboto, Oxygen-Sans, Ubuntu, Cantarell, 'Helvetica Neue', sans-serif;\">&#8220;Das Attentat muss erfolgen, Coute que Coute. Denn es kommt nicht mehr auf den praktischen Zweck an, sondern darauf, dass die deutsche Widerstandsbewegung vor der Welt und vor der Geschichte den entscheidenden Wurf gewagt hat.&#8221;<\/em><\/h2>\n\n\n\n<p><em>Tresckow an Stauffenberg im Juni 1944<\/em><\/p>\n\n\n\n<p><em>\u201eJetzt wird die ganze Welt \u00fcber uns herfallen und uns beschimpfen. Aber ich bin nach wie vor der felsenfesten \u00dcberzeugung, dass wir recht gehandelt haben. Ich halte Hitler nicht nur f\u00fcr den Erzfeind Deutschlands, sondern auch f\u00fcr den Erzfeind der Welt. Wenn ich in wenigen Stunden vor den Richterstuhl Gottes treten werde, um Rechenschaft abzulegen \u00fcber mein Tun und mein Unterlassen, so glaube ich mit gutem Gewissen das vertreten zu k\u00f6nnen, was ich im Kampf gegen Hitler getan habe. Wenn einst Gott Abraham verhei\u00dfen hat, er werde Sodom nicht verderben, wenn auch nur zehn Gerechte darin seien, so hoffe ich, dass Gott auch Deutschland um unsertwillen nicht vernichten wird. Niemand von uns kann \u00fcber seinen Tod Klage f\u00fchren. Wer in unseren Kreis getreten ist, hat damit das Nessushemd angezogen. Der sittliche Wert eines Menschen beginnt erst dort, wo er bereit ist, f\u00fcr seine \u00dcberzeugung sein Leben hinzugeben.\u201c<\/em><\/p>\n\n\n\n<p><em>Tresckow zu seinem Adjutanten Schlabrendorf am 21. Juli 1944, nachdem er die Nachricht vom gescheiterten Attentat erhalten hatte.<\/em><\/p>\n\n\n\n<p><strong>Henning Hermann Robert Karl von Tresckow<\/strong><\/p>\n\n\n\n<figure class=\"wp-block-image\"><a href=\"https:\/\/www.fml-hvt.de\/wp-content\/uploads\/2016\/05\/tresckow.png\"><img loading=\"lazy\" decoding=\"async\" width=\"140\" height=\"200\" src=\"https:\/\/www.fml-hvt.de\/wp-content\/uploads\/2016\/05\/tresckow.png\" alt=\"tresckow\" class=\"wp-image-626\"\/><\/a><\/figure>\n\n\n\n<p><\/p>\n\n\n\n<p><strong>Generalmajor<br>* 10. Januar 1901 Magdeburg<br>+ 21. Juli 1944 bei Bialystok \/ Polen<\/strong><\/p>\n\n\n\n<p>Henning von Tresckow wird am 10. 1. 1901 als Sohn einer preu\u00dfischen Offiziersfamilie in Magdeburg geboren. Nach dem Notabitur in Goslar meldet er sich 1917 freiwillig zum Kriegsdienst, wird an der Westfront eingesetzt. 1918 wird er zum j\u00fcngsten Leutnant des Heeres bef\u00f6rdert und steht nach Ende des 1. Weltkriegs auf der Seite der Regierungstruppen gegen die Aufst\u00e4ndischen. 1919 scheidet Henning von Tresckow aus dem Milit\u00e4rdienst aus, und nach einem Studium in den Bereichen Jura, Politik und Wirtschaft arbeitet er erfolgreich als B\u00f6rsenmakler.<\/p>\n\n\n\n<p>Anfang Januar 1926 heiratet er Erika von Falkenhayn, Tochter des fr\u00fcheren preu\u00dfischen Kriegsministers Erich von Falkenhayn. Im selben Jahr tritt Henning von Tresckow wieder in die Reichswehr ein, in das Potsdamer Infanterie-Regiment 9. Als Kritiker der Weimarer Republik sympathisiert er zu dieser Zeit mit dem Nationalsozialismus und bef\u00fcrwortet auch dessen Machergreifung. Diese Haltung Tresckows \u00e4ndert sich allerdings 1934 nach der &#8220;Nacht der langen Messer&#8221;, als SA-F\u00fchrung und politische Gegner ausgeschaltet werden, und die faktische Entmachtung der Wehrmachtsf\u00fchrung in der Blomberg-Fritsch-\u00c4ff\u00e4re bringt ihn zu der \u00dcberzeugung, dass das Regime Hitler beseitigt werden m\u00fcsse.<\/p>\n\n\n\n<p>Nachdem er als Jahrgangsbester den Generalstabslehrgang absolviert hatte, war Henning von Tresckow 1936 in die Operationsabteilung des Generalstabs berufen worden. Hier kommt er in Kontakt zu Ludwig Beck und wird bald selbst treibende Kraft im Widerstand. Zu Beginn des 2. Weltkriegs wird Henning von Tresckow als Generalstabsoffizier der 228. Infanterie-Division f\u00fcr die Operationsf\u00fchrung im Polenfeldzug zust\u00e4ndig. Erich von Manstein holt ihn, inzwischen zum Major bef\u00f6rdert, im Oktober 1939 in den Stab der Heeresgruppe A, der ihm dabei hilft, seinen &#8220;Sichelschnittplan&#8221; f\u00fcr den Westfeldzug 1940 gegen\u00fcber Hitler durchzusetzen, der sp\u00e4ter als &#8220;Blitzkrieg&#8221; bezeichnet wurde.<\/p>\n\n\n\n<p>Anschlie\u00dfend wird Henning von Tresckow im Rang eines Oberstleutnant ab Fr\u00fchjahr 1941 in der Heeresgruppe Mitte mit den Angriffsvorbereitungen gegen die Sowjetunion betraut. Als er von Kriegsgerichtsbarkeitserlass und Kommissarbefehl erf\u00e4hrt, bewegt er seinen Onkel Fedor von Bock, Oberbefehlshaber der Heeresgruppe Mitte, zu einem Protest, der allerdings folgenlos bleibt. Henning von Tresckow versucht in seinem Einflussbereich, weitere Unterst\u00fctzer f\u00fcr einen Staatsstreich zu gewinnen.<\/p>\n\n\n\n<p>Er ist ma\u00dfgebend an der Planung des Anschlags vom 20. Juli 1944 beteiligt, ebenso wie f\u00fcr die drei vorher fehlgeschlagenen Attentatsversuche. Ab Oktober 1943, als Henning von Tresckow, mittlerweile Oberst, zur 2. Armee an die Ostfront versetzt wird, ist allerdings der Kontakt zu den Mitverschw\u00f6rern erschwert. F\u00fcr den Fall eines erfolgreichen Staatsstreiches ist Tresckow als Chef der Polizei vorgesehen. Obwohl er pers\u00f6nlich ein Scheitern der &#8220;Operation Walk\u00fcre&#8221; f\u00fcr wahrscheinlich h\u00e4lt, bef\u00fcrwortet er dennoch den Anschlag, um vor der Welt und vor der Geschichte zu zeigen, dass es Offiziere gab, die sich entschieden den Verbrechen Hitlers in den Weg stellten.<\/p>\n\n\n\n<p>Als Henning von Tresckow vom Scheitern des Anschlags erf\u00e4hrt, begibt er sich am 21. Juli 1944 in die Gegend von Bialystok und nimmt sich in einem entlegenen Frontabschnitt mit einer Granate das Leben, um Folter, einem Schauprozess und der Todesstrafe zu entgehen. Henning Hermann Robert Karl von Tresckow hinterl\u00e4sst seine Frau Erika und vier Kinder.<\/p>\n","protected":false},"excerpt":{"rendered":"<p>Henning von Tresckow &#8220;Das Attentat muss erfolgen, Coute que Coute. Denn es kommt nicht mehr auf den praktischen Zweck an, sondern darauf, dass die deutsche Widerstandsbewegung vor der Welt und vor der Geschichte den entscheidenden Wurf gewagt hat.&#8221; Tresckow an Stauffenberg im Juni 1944 \u201eJetzt wird die ganze Welt \u00fcber uns herfallen und uns beschimpfen. [&hellip;]<\/p>\n","protected":false},"author":47,"featured_media":0,"parent":0,"menu_order":0,"comment_status":"closed","ping_status":"closed","template":"","meta":{"_acf_changed":false,"_bbp_topic_count":0,"_bbp_reply_count":0,"_bbp_total_topic_count":0,"_bbp_total_reply_count":0,"_bbp_voice_count":0,"_bbp_anonymous_reply_count":0,"_bbp_topic_count_hidden":0,"_bbp_reply_count_hidden":0,"_bbp_forum_subforum_count":0,"footnotes":""},"acf":[],"_links":{"self":[{"href":"https:\/\/www.fml-hvt.de\/index.php?rest_route=\/wp\/v2\/pages\/763"}],"collection":[{"href":"https:\/\/www.fml-hvt.de\/index.php?rest_route=\/wp\/v2\/pages"}],"about":[{"href":"https:\/\/www.fml-hvt.de\/index.php?rest_route=\/wp\/v2\/types\/page"}],"author":[{"embeddable":true,"href":"https:\/\/www.fml-hvt.de\/index.php?rest_route=\/wp\/v2\/users\/47"}],"replies":[{"embeddable":true,"href":"https:\/\/www.fml-hvt.de\/index.php?rest_route=%2Fwp%2Fv2%2Fcomments&post=763"}],"version-history":[{"count":9,"href":"https:\/\/www.fml-hvt.de\/index.php?rest_route=\/wp\/v2\/pages\/763\/revisions"}],"predecessor-version":[{"id":2109,"href":"https:\/\/www.fml-hvt.de\/index.php?rest_route=\/wp\/v2\/pages\/763\/revisions\/2109"}],"wp:attachment":[{"href":"https:\/\/www.fml-hvt.de\/index.php?rest_route=%2Fwp%2Fv2%2Fmedia&parent=763"}],"curies":[{"name":"wp","href":"https:\/\/api.w.org\/{rel}","templated":true}]}}